{"id":2630,"date":"2018-04-03T07:15:37","date_gmt":"2018-04-03T07:15:37","guid":{"rendered":"https:\/\/fixus.ee\/autokaubad\/"},"modified":"2026-03-03T10:54:51","modified_gmt":"2026-03-03T08:54:51","slug":"autokaubad","status":"publish","type":"page","link":"https:\/\/fixus.ee\/ru\/autokaubad\/","title":{"rendered":"\u0410\u0432\u0442\u043e\u0437\u0430\u043f\u0447\u0430\u0441\u0442\u0438"},"content":{"rendered":"<div class=\"wpb-content-wrapper\"><p>[vc_row full_width=&#187;stretch_row_content_no_spaces&#187;][vc_column icons_position=&#187;left&#187;][vc_column_text]<link rel='stylesheet' id='asl-plugin-css'  href='https:\/\/fixus.ee\/wp-content\/plugins\/codecanyon-16973546-agile-store-locator-google-maps-for-wordpress\/public\/css\/blue\/asl-1-0.css' type='text\/css' media='all' \/>\n<style type=\"text\/css\">\n#asl-storelocator.asl-p-cont .Status_filter .onoffswitch-inner::before{content: \"OPEN\" !important}\n#asl-storelocator.asl-p-cont .Status_filter .onoffswitch-inner::after{content: \"CLOSE\" !important}\n<\/style>\n<div id=\"asl-storelocator\" class=\"container no-pad asl-template-1 storelocator-main asl-p-cont asl-layout-0 asl-bg-0 asl-text-1 full-width full-height\">\n<div class=\"row Filter_section\" style=\"display:none;\">\n    <div class=\"col-xs-12 col-sm-4 search_filter\">\n        <p>Search Location<\/p>\n        <p>\n          <input type=\"text\" id=\"auto-complete-search\" class=\"form-control asl-search-name\" placeholder=\"Otsi poodi nime\/linna j\u00e4rgi\">\n          <span><i class=\"glyphicon icon-search\" title=\"Search Location\"><\/i><\/span>\n        <\/p>\n    <\/div>\n    <div class=\"col-xs-12 col-sm-8\">\n      <div class=\" asl-advance-filters hide\">\n                <div class=\"col-sm-9 col-md-8\">\n          <div class=\"col-sm-5 col-xs-5 drop_box_filter\">\n              <p><span>Category<\/span><\/p>\n              <div class=\"categories_filter\">\n              <\/div>\n          <\/div>\n          <div class=\"col-sm-7 col-xs-7 range_filter hide\">\n              <p class=\"rangeFilter\">\n                <span>Distance Range<\/span>\n                <input id=\"asl-radius-slide\" type=\"text\" class=\"span2\" \/>\n                <span class=\"rad-unit\">Radius: <span id=\"asl-radius-input\"><\/span> <span id=\"asl-dist-unit\">KM<\/span><\/span>\n              <\/p>\n          <\/div>\n        <\/div>\n        <div class=\"col-sm-3 col-xs-4 col-md-3 col-md-push-1 col-sm-push-0 Status_filter\">\n          <p><span>Status<\/span><\/p>\n          <div class=\"onoffswitch\">\n            <input type=\"checkbox\" name=\"onoffswitch\" class=\"onoffswitch-checkbox\" id=\"asl-open-close\" checked=\"checked\">\n            <label class=\"onoffswitch-label\" for=\"asl-open-close\">\n                <span class=\"onoffswitch-inner\"><\/span>\n                <span class=\"onoffswitch-switch\"><\/span>\n            <\/label>\n          <\/div>\n        <\/div>\n      <\/div>\n    <\/div>\n<\/div>\n<div class=\"row asl-loc-sec\">\n  <div class=\"col-sm-8 col-xs-12 asl-map\">\n    <div class=\"store-locator\">\n      <div id=\"asl-map-canv\"><\/div>\n      <!-- agile-modal -->\n      <div id=\"agile-modal-direction\" class=\"agile-modal fade\">\n        <div class=\"agile-modal-backdrop-in\"><\/div>\n        <div class=\"agile-modal-dialog in\">\n          <div class=\"agile-modal-content\">\n            <div class=\"agile-modal-header\">\n              <button type=\"button\" class=\"close-directions close\" data-dismiss=\"agile-modal\" aria-label=\"Close\"><span aria-hidden=\"true\">&times;<\/span><\/button>\n              <h4>Juhised kohalej\u00f5udmiseks<\/h4>\n            <\/div>\n            <div class=\"form-group\">\n              <label for=\"frm-lbl\">Algus:<\/label>\n              <input type=\"text\" class=\"form-control frm-place\" id=\"frm-lbl\" placeholder=\"Sisesta asukoht\">\n            <\/div>\n            <div class=\"form-group\">\n              <label for=\"frm-lbl\">L\u00f5pp:<\/label>\n              <input readonly=\"true\" type=\"text\"  class=\"directions-to form-control\" id=\"to-lbl\" placeholder=\"Prepopulated Destination Address\">\n            <\/div>\n            <div class=\"form-group\" style=\"display:none;\">\n              <span for=\"frm-lbl\">Show Distance In<\/span>\n              <label class=\"checkbox-inline\">\n                <input type=\"radio\" name=\"dist-type\" id=\"rbtn-km\" value=\"0\"> KM              <\/label>\n              <label class=\"checkbox-inline\">\n                <input type=\"radio\" name=\"dist-type\" checked id=\"rbtn-mile\" value=\"1\"> Mile              <\/label>\n            <\/div>\n            <div class=\"form-group\">\n              <button type=\"submit\" class=\"btn btn-default btn-submit\">N\u00c4ITA MARSRUUTI<\/button>\n            <\/div>\n          <\/div>\n        <\/div>\n      <\/div>\n\n      <div id=\"asl-geolocation-agile-modal\" class=\"agile-modal fade\">\n        <div class=\"agile-modal-backdrop-in\"><\/div>\n        <div class=\"agile-modal-dialog in\">\n          <div class=\"agile-modal-content\">\n            <button type=\"button\" class=\"close-directions close\" data-dismiss=\"agile-modal\" aria-label=\"Close\"><span aria-hidden=\"true\">&times;<\/span><\/button>\n                          <div class=\"form-group\">\n                <h4>Use my location to find the closest Service Provider near me<\/h4>\n              <\/div>\n              <div class=\"form-group\">\n                <button type=\"button\" id=\"asl-btn-geolocation\" class=\"btn btn-default\">USE LOCATION<\/button>\n              <\/div>\n                        <\/div>\n        <\/div>\n      <\/div>\n      <!-- agile-modal end -->\n    <\/div>\n  <\/div>\n  <div class=\"col-sm-4 col-xs-12 asl-panel\">\n  <div class=\"pood-filters\" id=\"pood-filtrid\">\n\n      <div class=\"filters-3 notactive autokaubad-section-notactive\" id=\"autokaubad\"><a class=\"filtrid-link\">\u0410\u0432\u0442\u043e\u043c\u043e\u0431\u0438\u043b\u044c\u043d\u044b\u0435 \u0442\u043e\u0432\u0430\u0440\u044b<\/a><\/div>\n\n\n      <div class=\"filters-3 notactive rattakaubad-section-notactive\" id=\"rattapoed\"><a class=\"filtrid-link\">\u0412\u0435\u043b\u043e\u0441\u0438\u043f\u0435\u0434\u043d\u044b\u0435 \u043c\u0430\u0433\u0430\u0437\u0438\u043d\u044b<\/a><\/div>\n\n      <div class=\"filters-3 notactive teenindused-notactive\" id=\"teenindused\"><a class=\"filtrid-link\">\u0410\u0432\u0442\u043e\u0441\u0435\u0440\u0432\u0438\u0441\u044b<\/a><\/div>\n  <\/div>\n\n    \n    \n    <!--  Panel Listing -->\n    <div id=\"panel\" class=\"storelocator-panel\">\n      <div class=\"asl-overlay\" id=\"map-loading\">\n        <div class=\"white\"><\/div>\n        <div class=\"loading\"><img decoding=\"async\" style=\"margin-right: 10px;\" class=\"loader\" src=\"https:\/\/fixus.ee\/wp-content\/plugins\/codecanyon-16973546-agile-store-locator-google-maps-for-wordpress\/public\/Logo\/loading.gif\">Loading...<\/div>\n      <\/div>\n      <div class=\"panel-cont\">\n          <div class=\"panel-inner\" id=\"parentpanel\">\n            <div class=\"col-md-12\">\n                  <ul id=\"p-statelist\" role=\"tablist\">\n                <\/ul>\n            <\/div>\n          <\/div>\n      <\/div>\n      <div class=\"directions-cont hide\">\n        <div class=\"agile-modal-header\">\n          <button type=\"button\" class=\"close\"><span aria-hidden=\"true\">&times;<\/span><\/button>\n          <h4>\u041c\u0430\u0440\u0448\u0440\u0443\u0442<\/h4>\n        <\/div>\n        <div class=\"rendered-directions\"><\/div>\n      <\/div>\n    <\/div>\n  <\/div>\n<\/div>\n<\/div>\n<!-- This Plugin is developed by \"Agile Store Locator for WordPress\" https:\/\/agilestorelocator.com-->\n<script>\n\n\n\n\n<\/script>\n<script id=\"tmpl_list_item\" type=\"text\/x-jsrender\">\n\n  <div class=\"item\" data-id=\"{{:id}}\">\n      <div class=\"col-xs-12 distance\">\n        <div class=\"col-md-8 col-xs-6\">\n          <p class=\"p-title\">{{:title}}<\/p>\n        <\/div>\n\n\n        <div class=\"col-xs-6 infopanel-icons\" style=\"text-align:right;\">\n            <span><a class=\"p-web sc_button sc_button_size_small mapcollapse mapcollapse-blue\" href=\"{{:website}}\" target=\"_blank\"><i class=\"fa fa-external-link\"><\/i><\/a><a class=\"p-direction kaardikoht sc_button sc_button_size_small mapcollapse mapcollapse-blue\" href=\"https:\/\/www.google.com\/maps?saddr=My+Location&daddr={{:address}}\" target=\"_blank\"><i class=\"fa fa-map-marker\"><\/i><\/a><\/span>\n            <a class=\"sc_button sc_button_size_small mapcollapse\" data-toggle=\"collapse\" href=\"#collapse{{:id}}\" role=\"button\" aria-expanded=\"false\" aria-controls=\"collapseExample\"><\/i><i class=\"fa fa-chevron-up collapsedsection\"><\/i><\/a>\n\n        <\/div>\n\n\n        {{if distance}}\n        <div class=\"col-xs-6 distance-text\">\n            <span class=\"s-distance\">Kaugus: {{:dist_str}}<\/span>\n        <\/div>\n        {{\/if}}\n    <\/div>\n\n    <div class=\"col-xs-12 addr-sec collapse\" id=\"collapse{{:id}}\">\n    <div class=\"col-md-9 col-xs-9 panel-inner\">\n      <p class=\"p-title\"><\/p>\n      <div style=\"padding-top:15px;\"><\/div>\n      <p class=\"p-area panel-inner_address\"><span class=\"glyphicon icon-location\"><\/span> {{:address}}<\/p>\n      {{if phone}}\n      <p class=\"p-area\"><span class=\"glyphicon icon-phone-outline\"><\/span> {{:phone}}<\/p>\n      {{\/if}}\n      {{if email}}\n      <p class=\"p-area\"><span class=\"glyphicon icon-at\"><\/span><a href=\"mailto:{{:email}}\" style=\"text-transform: lowercase;color:inherit;\">{{:email}}<\/a><\/p>\n      {{\/if}}\n      {{if open_hours}}\n      <p class=\"p-time\"><span class=\"glyphicon icon-clock-1\"><\/span><span class=\"sl-open-lbl\">T\u00e4na avatud:<\/span> {{:open_hours}}<\/p>\n      {{\/if}}\n    <\/div>\n    <div class=\"clear\"\/>\n\n  <\/div>\n\n<\/script>\n\n\n<script id=\"asl_too_tip\" type=\"text\/x-jsrender\" style=\"width:400px;\">\n  {{if path}}\n  <div class=\"image_map_popup\" style=\"display:none\"><img decoding=\"async\" src=\"{{:URL}}public\/Logo\/{{:path}}\" \/><\/div>\n  {{\/if}}\n  <h3>{{:title}}<\/h3>\n  <div class=\"infowindowContent\">\n    <div class=\"info-addr\">\n      <div class=\"address\"><span class=\"glyphicon icon-location\"><\/span>{{:address}}<\/div>\n      {{if phone}}\n      <div class=\"phone\"><span class=\"glyphicon icon-phone-outline\"><\/span><a href=\"tel:{{:phone}}\">{{:phone}}<\/a><\/div>\n      {{\/if}}\n      {{if email}}\n      <div class=\"p-area email\"><span class=\"glyphicon icon-at\"><\/span><a href=\"mailto:{{:email}}\" style=\"text-transform: lowercase;color:inherit;\">{{:email}}<\/a><\/div>\n      {{\/if}}\n      {{if open_hours}}\n\n            <div class=\"p-hours\"><span class=\"glyphicon icon-clock-1\"><\/span>\u0421\u0435\u0433\u043e\u0434\u043d\u044f \u043e\u0442\u043a\u0440\u044b\u0442\u043e:{{:start_time}} - {{:end_time}}<\/div>\n\n            <div class=\"showhours-button\" onclick=\"showHours()\" style=\"color:white;padding-left:12px;\"><div class=\"extra-hours\">\u0412\u0441\u0435 \u0440\u0430\u0431\u043e\u0447\u0438\u0435 \u0447\u0430\u0441\u044b <i class=\"fa fa-angle-double-right collapsedsection\"><\/i><\/div><\/div>\n\n            <div id=\"myDIV\" class=\"allhours-container\" style=\"display:none;\">\n              <div class=\"p-hours display-all-hours\">{{:open_hours}}<\/div>\n            <\/div>\n\n      {{\/if}}\n      {{if distance}}\n      <div class=\"distance\" style=\"font-size:16px;margin-top:15px;\">Kaugus: {{:dist_str}}<\/div>\n      {{\/if}}\n    <\/div>\n    <div class=\"asl-buttons\"><\/div>\n  <\/div><div class=\"arrow-down\"><\/div>\n<\/script>\n<script>\n    var url = location.pathname;\n    var $ = jQuery;\n    if (url.indexOf('autokaubad') > -1){\n        $('#autokaubad').removeClass('notactive autokaubad-section-notactive');\n        $('#autokaubad').addClass('autokaubad-section active');\n    }\n    else if (url.indexOf('rattapoed') > -1){\n        $('#rattapoed').removeClass('notactive rattakaubad-section-notactive');\n        $('#rattapoed').addClass('rattakaubad-section active');\n    }\n    else if (url.indexOf('autoteenindused') > -1){\n        $('#teenindused').addClass('active');\n        $('#teenindused').removeClass('notactive teenindused-notactive');\n    }\n\n\n    $('#autokaubad').click(function(){\n        $('.btn-group > ul > li:nth-child(3) > a > label > input').click();\n        $('#autokaubad').removeClass('notactive autokaubad-section-notactive');\n        $('#autokaubad').addClass('autokaubad-section active');\n\n        $('#rattapoed').removeClass('rattakaubad-section active');\n        $('#rattapoed').addClass('notactive rattakaubad-section-notactive');\n\n        $('#teenindused').removeClass('active');\n        $('#teenindused').addClass('notactive teenindused-notactive');\n\n    })\n\n    $('#rattapoed').click(function(){\n        $('.btn-group > ul > li:nth-child(5) > a > label > input').click();\n\n        $('#rattapoed').removeClass('notactive rattakaubad-section-notactive');\n        $('#rattapoed').addClass('rattakaubad-section active');\n\n        $('#autokaubad').removeClass('autokaubad-section active');\n        $('#autokaubad').addClass('notactive autokaubad-section-notactive');\n\n        $('#teenindused').removeClass('active');\n        $('#teenindused').addClass('notactive teenindused-notactive');\n\n\n    })\n    $('#teenindused').click(function(){\n        $('.btn-group > ul > li:nth-child(4) > a > label > input').click();\n\n        $('#teenindused').addClass('active');\n        $('#teenindused').removeClass('notactive teenindused-notactive');\n\n        $('#autokaubad').removeClass('autokaubad-section active');\n        $('#autokaubad').addClass('notactive autokaubad-section-notactive');\n\n        $('#rattapoed').removeClass('rattakaubad-section active');\n        $('#rattapoed').addClass('notactive rattakaubad-section-notactive');\n\n    })\n\n\n    function showHours() {\n  var x = document.getElementById(\"myDIV\");\n  if (x.style.display === \"none\") {\n    x.style.display = \"block\";\n  } else {\n    x.style.display = \"none\";\n  }\n}\n\n<\/script>\n[\/vc_column_text][\/vc_column][\/vc_row]<\/p>\n<\/div>","protected":false},"excerpt":{"rendered":"<p>[vc_row full_width=&#187;stretch_row_content_no_spaces&#187;][vc_column icons_position=&#187;left&#187;][vc_column_text][\/vc_column_text][\/vc_column][\/vc_row]<\/p>\n","protected":false},"author":72,"featured_media":0,"parent":0,"menu_order":0,"comment_status":"closed","ping_status":"closed","template":"","meta":{"_acf_changed":false,"footnotes":""},"class_list":["post-2630","page","type-page","status-publish","hentry"],"acf":[],"yoast_head":"<!-- This site is optimized with the Yoast SEO plugin v25.9 - https:\/\/yoast.com\/wordpress\/plugins\/seo\/ -->\n<title>\u0410\u0432\u0442\u043e\u0437\u0430\u043f\u0447\u0430\u0441\u0442\u0438 - Fixus.ee<\/title>\n<meta name=\"description\" content=\"Fixus kaubam\u00e4rk \u00fchendab t\u00e4na \u00fcle 30 ettev\u00f5tte Eesti erinevates linnades ja maakondades. Meie valikust leiad k\u00f5ik vajalikud autokaubad: autovaruosad, rehvid, akud, autokeemia, tarvikud, t\u00f6\u00f6riistad, garaa\u017eiseadmed jm. autoomanikule tarvilikud tooted.\" \/>\n<meta name=\"robots\" content=\"index, follow, max-snippet:-1, max-image-preview:large, max-video-preview:-1\" \/>\n<link rel=\"canonical\" href=\"https:\/\/fixus.ee\/ru\/autokaubad\/\" \/>\n<meta property=\"og:locale\" content=\"ru_RU\" \/>\n<meta property=\"og:type\" content=\"article\" \/>\n<meta property=\"og:title\" content=\"\u0410\u0432\u0442\u043e\u0437\u0430\u043f\u0447\u0430\u0441\u0442\u0438 - Fixus.ee\" \/>\n<meta property=\"og:description\" content=\"Fixus kaubam\u00e4rk \u00fchendab t\u00e4na \u00fcle 30 ettev\u00f5tte Eesti erinevates linnades ja maakondades. Meie valikust leiad k\u00f5ik vajalikud autokaubad: autovaruosad, rehvid, akud, autokeemia, tarvikud, t\u00f6\u00f6riistad, garaa\u017eiseadmed jm. autoomanikule tarvilikud tooted.\" \/>\n<meta property=\"og:url\" content=\"https:\/\/fixus.ee\/ru\/autokaubad\/\" \/>\n<meta property=\"og:site_name\" content=\"Fixus.ee\" \/>\n<meta property=\"article:modified_time\" content=\"2026-03-03T08:54:51+00:00\" \/>\n<meta name=\"twitter:card\" content=\"summary_large_image\" \/>\n<script type=\"application\/ld+json\" class=\"yoast-schema-graph\">{\"@context\":\"https:\/\/schema.org\",\"@graph\":[{\"@type\":\"WebPage\",\"@id\":\"https:\/\/fixus.ee\/ru\/autokaubad\/\",\"url\":\"https:\/\/fixus.ee\/ru\/autokaubad\/\",\"name\":\"\u0410\u0432\u0442\u043e\u0437\u0430\u043f\u0447\u0430\u0441\u0442\u0438 - Fixus.ee\",\"isPartOf\":{\"@id\":\"https:\/\/fixus.ee\/#website\"},\"datePublished\":\"2018-04-03T07:15:37+00:00\",\"dateModified\":\"2026-03-03T08:54:51+00:00\",\"description\":\"Fixus kaubam\u00e4rk \u00fchendab t\u00e4na \u00fcle 30 ettev\u00f5tte Eesti erinevates linnades ja maakondades. Meie valikust leiad k\u00f5ik vajalikud autokaubad: autovaruosad, rehvid, akud, autokeemia, tarvikud, t\u00f6\u00f6riistad, garaa\u017eiseadmed jm. autoomanikule tarvilikud tooted.\",\"breadcrumb\":{\"@id\":\"https:\/\/fixus.ee\/ru\/autokaubad\/#breadcrumb\"},\"inLanguage\":\"ru-RU\",\"potentialAction\":[{\"@type\":\"ReadAction\",\"target\":[\"https:\/\/fixus.ee\/ru\/autokaubad\/\"]}]},{\"@type\":\"BreadcrumbList\",\"@id\":\"https:\/\/fixus.ee\/ru\/autokaubad\/#breadcrumb\",\"itemListElement\":[{\"@type\":\"ListItem\",\"position\":1,\"name\":\"Avaleht\",\"item\":\"https:\/\/fixus.ee\/esileht\/\"},{\"@type\":\"ListItem\",\"position\":2,\"name\":\"\u0410\u0432\u0442\u043e\u0437\u0430\u043f\u0447\u0430\u0441\u0442\u0438\"}]},{\"@type\":\"WebSite\",\"@id\":\"https:\/\/fixus.ee\/#website\",\"url\":\"https:\/\/fixus.ee\/\",\"name\":\"Fixus.ee\",\"description\":\"Parimad autokaubad!\",\"publisher\":{\"@id\":\"https:\/\/fixus.ee\/#organization\"},\"potentialAction\":[{\"@type\":\"SearchAction\",\"target\":{\"@type\":\"EntryPoint\",\"urlTemplate\":\"https:\/\/fixus.ee\/?s={search_term_string}\"},\"query-input\":{\"@type\":\"PropertyValueSpecification\",\"valueRequired\":true,\"valueName\":\"search_term_string\"}}],\"inLanguage\":\"ru-RU\"},{\"@type\":\"Organization\",\"@id\":\"https:\/\/fixus.ee\/#organization\",\"name\":\"Fixus\",\"url\":\"https:\/\/fixus.ee\/\",\"logo\":{\"@type\":\"ImageObject\",\"inLanguage\":\"ru-RU\",\"@id\":\"https:\/\/fixus.ee\/#\/schema\/logo\/image\/\",\"url\":\"https:\/\/fixus.ee\/wp-content\/uploads\/2018\/04\/Fixus-logo-1.png\",\"contentUrl\":\"https:\/\/fixus.ee\/wp-content\/uploads\/2018\/04\/Fixus-logo-1.png\",\"width\":250,\"height\":108,\"caption\":\"Fixus\"},\"image\":{\"@id\":\"https:\/\/fixus.ee\/#\/schema\/logo\/image\/\"}}]}<\/script>\n<!-- \/ Yoast SEO plugin. -->","yoast_head_json":{"title":"\u0410\u0432\u0442\u043e\u0437\u0430\u043f\u0447\u0430\u0441\u0442\u0438 - Fixus.ee","description":"Fixus kaubam\u00e4rk \u00fchendab t\u00e4na \u00fcle 30 ettev\u00f5tte Eesti erinevates linnades ja maakondades. Meie valikust leiad k\u00f5ik vajalikud autokaubad: autovaruosad, rehvid, akud, autokeemia, tarvikud, t\u00f6\u00f6riistad, garaa\u017eiseadmed jm. autoomanikule tarvilikud tooted.","robots":{"index":"index","follow":"follow","max-snippet":"max-snippet:-1","max-image-preview":"max-image-preview:large","max-video-preview":"max-video-preview:-1"},"canonical":"https:\/\/fixus.ee\/ru\/autokaubad\/","og_locale":"ru_RU","og_type":"article","og_title":"\u0410\u0432\u0442\u043e\u0437\u0430\u043f\u0447\u0430\u0441\u0442\u0438 - Fixus.ee","og_description":"Fixus kaubam\u00e4rk \u00fchendab t\u00e4na \u00fcle 30 ettev\u00f5tte Eesti erinevates linnades ja maakondades. Meie valikust leiad k\u00f5ik vajalikud autokaubad: autovaruosad, rehvid, akud, autokeemia, tarvikud, t\u00f6\u00f6riistad, garaa\u017eiseadmed jm. autoomanikule tarvilikud tooted.","og_url":"https:\/\/fixus.ee\/ru\/autokaubad\/","og_site_name":"Fixus.ee","article_modified_time":"2026-03-03T08:54:51+00:00","twitter_card":"summary_large_image","schema":{"@context":"https:\/\/schema.org","@graph":[{"@type":"WebPage","@id":"https:\/\/fixus.ee\/ru\/autokaubad\/","url":"https:\/\/fixus.ee\/ru\/autokaubad\/","name":"\u0410\u0432\u0442\u043e\u0437\u0430\u043f\u0447\u0430\u0441\u0442\u0438 - Fixus.ee","isPartOf":{"@id":"https:\/\/fixus.ee\/#website"},"datePublished":"2018-04-03T07:15:37+00:00","dateModified":"2026-03-03T08:54:51+00:00","description":"Fixus kaubam\u00e4rk \u00fchendab t\u00e4na \u00fcle 30 ettev\u00f5tte Eesti erinevates linnades ja maakondades. Meie valikust leiad k\u00f5ik vajalikud autokaubad: autovaruosad, rehvid, akud, autokeemia, tarvikud, t\u00f6\u00f6riistad, garaa\u017eiseadmed jm. autoomanikule tarvilikud tooted.","breadcrumb":{"@id":"https:\/\/fixus.ee\/ru\/autokaubad\/#breadcrumb"},"inLanguage":"ru-RU","potentialAction":[{"@type":"ReadAction","target":["https:\/\/fixus.ee\/ru\/autokaubad\/"]}]},{"@type":"BreadcrumbList","@id":"https:\/\/fixus.ee\/ru\/autokaubad\/#breadcrumb","itemListElement":[{"@type":"ListItem","position":1,"name":"Avaleht","item":"https:\/\/fixus.ee\/esileht\/"},{"@type":"ListItem","position":2,"name":"\u0410\u0432\u0442\u043e\u0437\u0430\u043f\u0447\u0430\u0441\u0442\u0438"}]},{"@type":"WebSite","@id":"https:\/\/fixus.ee\/#website","url":"https:\/\/fixus.ee\/","name":"Fixus.ee","description":"Parimad autokaubad!","publisher":{"@id":"https:\/\/fixus.ee\/#organization"},"potentialAction":[{"@type":"SearchAction","target":{"@type":"EntryPoint","urlTemplate":"https:\/\/fixus.ee\/?s={search_term_string}"},"query-input":{"@type":"PropertyValueSpecification","valueRequired":true,"valueName":"search_term_string"}}],"inLanguage":"ru-RU"},{"@type":"Organization","@id":"https:\/\/fixus.ee\/#organization","name":"Fixus","url":"https:\/\/fixus.ee\/","logo":{"@type":"ImageObject","inLanguage":"ru-RU","@id":"https:\/\/fixus.ee\/#\/schema\/logo\/image\/","url":"https:\/\/fixus.ee\/wp-content\/uploads\/2018\/04\/Fixus-logo-1.png","contentUrl":"https:\/\/fixus.ee\/wp-content\/uploads\/2018\/04\/Fixus-logo-1.png","width":250,"height":108,"caption":"Fixus"},"image":{"@id":"https:\/\/fixus.ee\/#\/schema\/logo\/image\/"}}]}},"_links":{"self":[{"href":"https:\/\/fixus.ee\/ru\/wp-json\/wp\/v2\/pages\/2630","targetHints":{"allow":["GET"]}}],"collection":[{"href":"https:\/\/fixus.ee\/ru\/wp-json\/wp\/v2\/pages"}],"about":[{"href":"https:\/\/fixus.ee\/ru\/wp-json\/wp\/v2\/types\/page"}],"author":[{"embeddable":true,"href":"https:\/\/fixus.ee\/ru\/wp-json\/wp\/v2\/users\/72"}],"replies":[{"embeddable":true,"href":"https:\/\/fixus.ee\/ru\/wp-json\/wp\/v2\/comments?post=2630"}],"version-history":[{"count":2,"href":"https:\/\/fixus.ee\/ru\/wp-json\/wp\/v2\/pages\/2630\/revisions"}],"predecessor-version":[{"id":2802,"href":"https:\/\/fixus.ee\/ru\/wp-json\/wp\/v2\/pages\/2630\/revisions\/2802"}],"wp:attachment":[{"href":"https:\/\/fixus.ee\/ru\/wp-json\/wp\/v2\/media?parent=2630"}],"curies":[{"name":"wp","href":"https:\/\/api.w.org\/{rel}","templated":true}]}}