{"id":2591,"date":"2018-04-04T11:43:07","date_gmt":"2018-04-04T11:43:07","guid":{"rendered":"https:\/\/fixus.ee\/fixus\/"},"modified":"2026-03-03T10:54:57","modified_gmt":"2026-03-03T08:54:57","slug":"fixus","status":"publish","type":"page","link":"https:\/\/fixus.ee\/ru\/fixus\/","title":{"rendered":"Fixus"},"content":{"rendered":"<div class=\"wpb-content-wrapper\"><p>[vc_row][vc_column icons_position=&#187;left&#187;][vc_empty_space alter_height=&#187;none&#187; hide_on_desktop=&#187;&#187; hide_on_notebook=&#187;&#187; hide_on_tablet=&#187;&#187; hide_on_mobile=&#187;&#187;][vc_column_text]Fixus \u043f\u0440\u0435\u0434\u0441\u0442\u0430\u0432\u043b\u044f\u0435\u0442 \u0441\u043e\u0431\u043e\u0439 \u0441\u0435\u0442\u044c \u043c\u0430\u0433\u0430\u0437\u0438\u043d\u043e\u0432 \u0437\u0430\u043f\u0447\u0430\u0441\u0442\u0435\u0439 \u0438 \u0430\u0432\u0442\u043e\u0441\u0435\u0440\u0432\u0438\u0441\u043e\u0432, \u043e\u0445\u0432\u0430\u0442\u044b\u0432\u0430\u044e\u0449\u0443\u044e \u0432\u0441\u044e \u042d\u0441\u0442\u043e\u043d\u0438\u044e \u0438 \u043e\u0431\u044a\u0435\u0434\u0438\u043d\u044f\u044e\u0449\u0443\u044e \u043f\u043e\u0434 \u0435\u0434\u0438\u043d\u043e\u0439 \u043c\u0430\u0440\u043a\u043e\u0439 \u0431\u043e\u043b\u0435\u0435 50 \u043b\u0443\u0447\u0448\u0438\u0445 \u0432 \u0441\u0432\u043e\u0435\u0439 \u0441\u0444\u0435\u0440\u0435 \u043f\u0440\u0435\u0434\u043f\u0440\u0438\u044f\u0442\u0438\u0439. \u0420\u0430\u0431\u043e\u0442\u0430\u044f \u0432 \u0444\u043e\u0440\u043c\u0430\u0442\u0435 \u0441\u0435\u0442\u0438 \u043c\u044b \u043f\u0440\u0435\u0434\u043b\u0430\u0433\u0430\u0435\u043c \u043d\u0430\u0448\u0438\u043c \u043a\u043b\u0438\u0435\u043d\u0442\u0430\u043c \u0448\u0438\u0440\u043e\u043a\u0438\u0439 \u0441\u043f\u0435\u043a\u0442\u0440 \u043a\u0430\u0447\u0435\u0441\u0442\u0432\u0435\u043d\u043d\u044b\u0445 \u0442\u043e\u0432\u0430\u0440\u043e\u0432 \u043f\u043e \u043a\u043e\u043d\u043a\u0443\u0440\u0435\u043d\u0442\u043e\u0441\u043f\u043e\u0441\u043e\u0431\u043d\u044b\u043c \u0446\u0435\u043d\u0430\u043c. \u041c\u044b \u0442\u0430\u043a\u0436\u0435 \u044f\u0432\u043b\u044f\u0435\u043c\u0441\u044f \u043d\u0430\u0434\u0451\u0436\u043d\u044b\u043c\u0438 \u043a\u043e\u043d\u0441\u0443\u043b\u044c\u0442\u0430\u043d\u0442\u0430\u043c\u0438 \u0432 \u0440\u0435\u0448\u0435\u043d\u0438\u0438 \u043f\u043e\u0432\u0441\u0435\u0434\u043d\u0435\u0432\u043d\u044b\u0445 \u0432\u043e\u043f\u0440\u043e\u0441\u043e\u0432, \u0441\u0432\u044f\u0437\u0430\u043d\u043d\u044b\u0445 \u0441 \u0430\u0432\u0442\u043e\u043c\u043e\u0431\u0438\u043b\u044f\u043c\u0438 \u0438 \u043f\u0440\u0435\u0434\u043b\u0430\u0433\u0430\u0435\u043c \u0434\u0440\u0443\u0436\u0435\u043b\u044e\u0431\u043d\u043e\u0435 \u0432\u044b\u0441\u043e\u043a\u043e\u043a\u0430\u0447\u0435\u0441\u0442\u0432\u0435\u043d\u043d\u043e\u0435 \u043e\u0431\u0441\u043b\u0443\u0436\u0438\u0432\u0430\u043d\u0438\u0435 \u0432 \u043b\u044e\u0431\u043e\u043c \u0443\u0433\u043e\u043b\u043a\u0435 \u042d\u0441\u0442\u043e\u043d\u0438\u0438.<\/p>\n<p>\u0412 \u043d\u0430\u0448\u0435\u043c \u0430\u0441\u0441\u043e\u0440\u0442\u0438\u043c\u0435\u043d\u0442\u0435 \u0412\u044b \u043d\u0430\u0439\u0434\u0435\u0442\u0435 \u0432\u0441\u0435 \u043d\u0435\u043e\u0431\u0445\u043e\u0434\u0438\u043c\u044b\u0435 \u0442\u043e\u0432\u0430\u0440\u044b \u0434\u043b\u044f \u0430\u0432\u0442\u043e\u043c\u043e\u0431\u0438\u043b\u044f: \u0437\u0430\u043f\u0447\u0430\u0441\u0442\u0438, \u0448\u0438\u043d\u044b, \u0430\u043a\u043a\u0443\u043c\u0443\u043b\u044f\u0442\u043e\u0440\u044b, \u0430\u0432\u0442\u043e\u043c\u043e\u0431\u0438\u043b\u044c\u043d\u0443\u044e \u0445\u0438\u043c\u0438\u044e, \u0430\u043a\u0441\u0435\u0441\u0441\u0443\u0430\u0440\u044b, \u0438\u043d\u0441\u0442\u0440\u0443\u043c\u0435\u043d\u0442\u044b, \u0433\u0430\u0440\u0430\u0436\u043d\u043e\u0435 \u043e\u0431\u043e\u0440\u0443\u0434\u043e\u0432\u0430\u043d\u0438\u0435 \u0438 \u043f\u0440. \u043d\u0435\u043e\u0431\u0445\u043e\u0434\u0438\u043c\u044b\u0435 \u0430\u0432\u0442\u043e\u0432\u043b\u0430\u0434\u0435\u043b\u044c\u0446\u0443 \u0442\u043e\u0432\u0430\u0440\u044b. \u041f\u0440\u0438 \u043c\u043d\u043e\u0433\u0438\u0445 \u043c\u0430\u0433\u0430\u0437\u0438\u043d\u0430\u0445 Fixus \u0440\u0430\u0431\u043e\u0442\u0430\u044e\u0442 \u0430\u0432\u0442\u043e\u0441\u0435\u0440\u0432\u0438\u0441\u044b. \u042d\u0442\u043e \u0434\u0430\u0451\u0442 \u043d\u0430\u043c \u0432\u043e\u0437\u043c\u043e\u0436\u043d\u043e\u0441\u0442\u044c \u043f\u0440\u0435\u0434\u043e\u0441\u0442\u0430\u0432\u0438\u0442\u044c \u043a\u043b\u0438\u0435\u043d\u0442\u0430\u043c \u043a\u043e\u043c\u043f\u043b\u0435\u043a\u0441\u043d\u0443\u044e \u0443\u0441\u043b\u0443\u0433\u0443, \u0430 \u043d\u0435 \u0442\u043e\u043b\u044c\u043a\u043e \u043f\u0440\u043e\u0434\u0430\u0436\u0443 \u0437\u0430\u043f\u0447\u0430\u0442\u0435\u0439.<\/p>\n<p>\u041a\u0440\u043e\u043c\u0435 \u0430\u0432\u0442\u043e\u043c\u043e\u0431\u0438\u043b\u044c\u043d\u044b\u0445 \u0442\u043e\u0432\u0430\u0440\u043e\u0432 Fixus \u0442\u0430\u043a\u0436\u0435 \u0437\u0430\u043d\u0438\u043c\u0430\u0435\u0442\u0441\u044f \u0440\u043e\u0437\u043d\u0438\u0447\u043d\u043e\u0439 \u043f\u0440\u043e\u0434\u0430\u0436\u0435\u0439 \u0432\u0435\u043b\u043e\u0441\u0438\u043f\u0435\u0434\u043e\u0432, \u0438\u0445 \u0437\u0430\u043f\u0447\u0430\u0441\u0442\u0435\u0439 \u0438 \u0430\u043a\u0441\u0435\u0441\u0441\u0443\u0430\u0440\u043e\u0432. \u0410\u0441\u0441\u043e\u0440\u0442\u0438\u043c\u0435\u043d\u0442 \u0438\u0441\u043a\u043b\u044e\u0447\u0438\u0442\u0435\u043b\u044c\u043d\u043e \u0448\u0438\u0440\u043e\u043a, \u043e\u0445\u0432\u0430\u0442\u044b\u0432\u0430\u0435\u0442 \u0441\u043f\u043e\u0440\u0442\u0438\u0432\u043d\u043e\u0435 \u043e\u0441\u043d\u0430\u0449\u0435\u043d\u0438\u0435 \u0434\u043b\u044f \u043b\u044e\u0431\u0438\u0442\u0435\u043b\u0435\u0439 \u0438 \u043f\u0440\u043e\u0444\u0435\u0441\u0441\u0438\u043e\u043d\u0430\u043b\u043e\u0432. \u041c\u044b \u043f\u0440\u0435\u0434\u043b\u0430\u0433\u0430\u0435\u043c \u0448\u0438\u0440\u043e\u043a\u0438\u0439 \u0432\u044b\u0431\u043e\u0440 \u043b\u0443\u0447\u0448\u0438\u0445 \u0432\u0435\u043b\u043e\u0441\u0438\u043f\u0435\u0434\u043e\u0432, \u043a\u0430\u0447\u0435\u0441\u0442\u0432\u0435\u043d\u043d\u0443\u044e \u0443\u0441\u043b\u0443\u0433\u0443 \u043f\u043e \u043e\u0431\u0441\u043b\u0443\u0436\u0438\u0432\u0430\u043d\u0438\u044e \u0438 \u0440\u0435\u043c\u043e\u043d\u0442\u0443 \u0432\u0435\u043b\u043e\u0441\u0438\u043f\u0435\u0434\u043e\u0432 \u043e\u0442 \u043f\u0440\u043e\u0444\u0435\u0441\u0441\u0438\u043e\u043d\u0430\u043b\u043e\u0432 \u0441\u0432\u043e\u0435\u0433\u043e \u0434\u0435\u043b\u0430.[\/vc_column_text][\/vc_column][\/vc_row][vc_row][vc_column icons_position=&#187;left&#187;][vc_empty_space height=&#187;50px&#187; alter_height=&#187;none&#187; hide_on_desktop=&#187;&#187; hide_on_notebook=&#187;&#187; hide_on_tablet=&#187;&#187; hide_on_mobile=&#187;&#187;][\/vc_column][\/vc_row][vc_row full_width=&#187;stretch_row&#187; content_placement=&#187;middle&#187; hide_bg_image_on_tablet=&#187;&#187; hide_bg_image_on_mobile=&#187;&#187; css=&#187;.vc_custom_1553843472267{padding-top: 30px !important;padding-bottom: 30px !important;background-color: #f5efed !important;}&#187;][vc_column width=&#187;1\/2&#8243; icons_position=&#187;left&#187;][vc_single_image image=&#187;924&#8243; img_size=&#187;medium&#187;][\/vc_column][vc_column width=&#187;1\/2&#8243; icons_position=&#187;left&#187;][vc_column_text]<\/p>\n<ul>\n<li><strong>35 \u043c\u0430\u0433\u0430\u0437\u0438\u043d \u0430\u0432\u0442\u043e\u043c\u043e\u0431\u0438\u043b\u044c\u043d\u044b\u0445 \u0442\u043e\u0432\u0430\u0440\u043e\u0432<\/strong><\/li>\n<li><strong>37 \u0430\u0432\u0442\u043e\u0441\u0435\u0440\u0432\u0438\u0441\u043e\u0432<\/strong><\/li>\n<li><strong>15 \u043c\u0430\u0433\u0430\u0437\u0438\u043d\u043e\u0432 \u0432\u0435\u043b\u043e\u0441\u0438\u043f\u0435\u0434\u043e\u0432<\/strong><\/li>\n<\/ul>\n<p>[\/vc_column_text][\/vc_column][\/vc_row][vc_row][vc_column icons_position=&#187;left&#187;][vc_empty_space height=&#187;50px&#187; alter_height=&#187;none&#187; hide_on_desktop=&#187;&#187; hide_on_notebook=&#187;&#187; hide_on_tablet=&#187;&#187; hide_on_mobile=&#187;&#187;][\/vc_column][\/vc_row][vc_row][vc_column icons_position=&#187;left&#187;][vc_empty_space alter_height=&#187;none&#187; hide_on_desktop=&#187;&#187; hide_on_notebook=&#187;&#187; hide_on_tablet=&#187;&#187; hide_on_mobile=&#187;&#187;][vc_column_text]<\/p>\n<p class=\"p1\"><span class=\"s1\">\u041e\u0441\u043d\u043e\u0432\u043d\u044b\u043c \u043f\u0430\u0440\u0442\u043d\u0451\u0440\u043e\u043c \u0441\u0435\u0442\u0438 \u043c\u0430\u0433\u0430\u0437\u0438\u043d\u043e\u0432 \u0438 \u0430\u0432\u0442\u043e\u0441\u0435\u0440\u0432\u0438\u0441\u043e\u0432 Fixus \u044f\u0432\u043b\u044f\u0435\u0442\u0441\u044f <strong>MEKO Baltics AS<\/strong> &#8212; \u043a\u0440\u0443\u043f\u043d\u0435\u0439\u0448\u0438\u0439 \u0432 \u042d\u0441\u0442\u043e\u043d\u0438\u0438 \u0438 \u041f\u0440\u0438\u0431\u0430\u043b\u0442\u0438\u043a\u0435 \u0438\u043c\u043f\u043e\u0440\u0442\u0435\u0440 \u0438 \u0440\u043e\u0437\u043d\u0438\u0447\u043d\u044b\u0439 \u0442\u043e\u0440\u0433\u043e\u0432\u0435\u0446 \u0430\u0432\u0442\u043e- \u0438 \u0432\u0435\u043b\u043e\u0442\u043e\u0432\u0430\u0440\u0430\u043c\u0438, \u043f\u043e\u0441\u0442\u0430\u0432\u0449\u0438\u043a\u0430\u043c\u0438 \u043a\u043e\u0442\u043e\u0440\u043e\u0433\u043e \u044f\u0432\u043b\u044f\u044e\u0442\u0441\u044f \u0441\u0430\u043c\u044b\u0435 \u0438\u0437\u0432\u0435\u0441\u0442\u043d\u044b\u0435 \u043f\u0440\u043e\u0438\u0437\u0432\u043e\u0434\u0438\u0442\u0435\u043b\u0438 \u043f\u043e \u0432\u0441\u0435\u043c\u0443 \u043c\u0438\u0440\u0443.<\/span><\/p>\n<p class=\"p1\"><span class=\"s1\">\u0414\u043b\u044f \u043d\u0430\u0441 \u0432\u0430\u0436\u043d\u044b: \u043f\u043e\u043a\u0440\u044b\u0432\u0430\u044e\u0449\u0430\u044f \u0432\u0441\u044e \u042d\u0441\u0442\u043e\u043d\u0438\u044e \u0441\u0435\u0442\u044c \u043f\u0440\u043e\u0434\u0430\u0436, \u0448\u0438\u0440\u043e\u043a\u0438\u0439 \u0432\u044b\u0431\u043e\u0440 \u0442\u043e\u0432\u0430\u0440\u043e\u0432, \u0441\u0438\u043b\u044c\u043d\u044b\u0439 \u0446\u0435\u043d\u0442\u0440\u0430\u043b\u044c\u043d\u044b\u0439 \u0441\u043a\u043b\u0430\u0434 \u0441 \u0440\u0435\u0433\u0438\u043e\u043d\u0430\u043b\u044c\u043d\u044b\u043c\u0438 \u043f\u0440\u043e\u043c\u0435\u0436\u0443\u0442\u043e\u0447\u043d\u044b\u043c\u0438 \u0441\u043a\u043b\u0430\u0434\u0430\u043c\u0438, \u043e\u043f\u0435\u0440\u0430\u0442\u0438\u0432\u043d\u0430\u044f \u043b\u043e\u0433\u0438\u0441\u0442\u0438\u043a\u0430, \u043f\u0440\u043e\u0444\u0435\u0441\u0441\u0438\u043e\u043d\u0430\u043b\u0438\u0437\u043c \u0438 \u0432\u044b\u0441\u043e\u043a\u0430\u044f \u043a\u0443\u043b\u044c\u0442\u0443\u0440\u0430 \u043e\u0431\u0441\u043b\u0443\u0436\u0438\u0432\u0430\u043d\u0438\u044f.<\/span><\/p>\n<p>&nbsp;<\/p>\n<p class=\"p1\"><strong><span class=\"s1\">Fixus &#8212; \u0432\u0430\u0448 \u043d\u0430\u0434\u0435\u0436\u043d\u044b\u0439 \u043f\u0430\u0440\u0442\u043d\u0435\u0440!<\/span><\/strong><\/p>\n<p>[\/vc_column_text][vc_empty_space height=&#187;50px&#187; alter_height=&#187;large&#187; hide_on_desktop=&#187;&#187; hide_on_notebook=&#187;&#187; hide_on_tablet=&#187;&#187; hide_on_mobile=&#187;&#187;][\/vc_column][\/vc_row][vc_row full_width=&#187;stretch_row_content_no_spaces&#187; content_placement=&#187;middle&#187; hide_bg_image_on_tablet=&#187;&#187; hide_bg_image_on_mobile=&#187;&#187; css=&#187;.vc_custom_1525179968518{background-color: #faf6f5 !important;}&#187;][vc_column icons_position=&#187;left&#187; offset=&#187;vc_col-md-6&#8243;][vc_single_image image=&#187;1149&#8243; img_size=&#187;full&#187; alignment=&#187;center&#187;][\/vc_column][vc_column hide_bg_image_on_tablet=&#187;&#187; hide_bg_image_on_mobile=&#187;&#187; icons_position=&#187;left&#187; offset=&#187;vc_col-md-6&#8243;][vc_empty_space height=&#187;3em&#187; alter_height=&#187;none&#187; hide_on_desktop=&#187;&#187; hide_on_notebook=&#187;&#187; hide_on_tablet=&#187;&#187; hide_on_mobile=&#187;&#187;][vc_empty_space height=&#187;2em&#187; alter_height=&#187;none&#187; hide_on_desktop=&#187;1&#8243; hide_on_notebook=&#187;1&#8243; hide_on_tablet=&#187;&#187; hide_on_mobile=&#187;&#187;][vc_row_inner][vc_column_inner width=&#187;1\/12&#8243; icons_position=&#187;left&#187; offset=&#187;vc_col-xs-1&#8243;][\/vc_column_inner][vc_column_inner width=&#187;5\/6&#8243; hide_bg_image_on_tablet=&#187;&#187; hide_bg_image_on_mobile=&#187;&#187; icons_position=&#187;left&#187; offset=&#187;vc_col-lg-6 vc_col-md-10 vc_col-xs-10&#8243;]<div id=\"sc_title_1045306228\"\n\t\tclass=\"sc_title sc_title_default kontakt-ru_heading\"><h2 class=\"sc_item_title sc_title_title sc_align_left sc_item_title_style_default\">\u0421\u0432\u044f\u0436\u0438\u0442\u0435\u0441\u044c \u0441 \u043d\u0430\u043c\u0438<\/h2><\/div><!-- \/.sc_title -->[vc_empty_space height=&#187;1.1em&#187; alter_height=&#187;none&#187; hide_on_desktop=&#187;&#187; hide_on_notebook=&#187;&#187; hide_on_tablet=&#187;&#187; hide_on_mobile=&#187;&#187;][vc_column_text]\n<div class=\"wpcf7 no-js\" id=\"wpcf7-f2750-o1\" lang=\"ru-RU\" dir=\"ltr\" data-wpcf7-id=\"2750\">\n<div class=\"screen-reader-response\"><p role=\"status\" aria-live=\"polite\" aria-atomic=\"true\"><\/p> <ul><\/ul><\/div>\n<form action=\"\/ru\/wp-json\/wp\/v2\/pages\/2591#wpcf7-f2750-o1\" method=\"post\" class=\"wpcf7-form init\" aria-label=\"\u041a\u043e\u043d\u0442\u0430\u043a\u0442\u043d\u0430\u044f \u0444\u043e\u0440\u043c\u0430\" novalidate=\"novalidate\" data-status=\"init\">\n<fieldset class=\"hidden-fields-container\"><input type=\"hidden\" name=\"_wpcf7\" value=\"2750\" \/><input type=\"hidden\" name=\"_wpcf7_version\" value=\"6.1.1\" \/><input type=\"hidden\" name=\"_wpcf7_locale\" value=\"ru_RU\" \/><input type=\"hidden\" name=\"_wpcf7_unit_tag\" value=\"wpcf7-f2750-o1\" \/><input type=\"hidden\" name=\"_wpcf7_container_post\" value=\"0\" \/><input type=\"hidden\" name=\"_wpcf7_posted_data_hash\" value=\"\" \/><input type=\"hidden\" name=\"_wpcf7_recaptcha_response\" value=\"\" \/>\n<\/fieldset>\n<div class=\"columns_wrap\">\n\t<div class=\"column-1_1\">\n\t\t<p><span class=\"wpcf7-form-control-wrap\" data-name=\"your-name\"><input size=\"40\" maxlength=\"400\" class=\"wpcf7-form-control wpcf7-text wpcf7-validates-as-required\" aria-required=\"true\" aria-invalid=\"false\" placeholder=\"\u0418\u043c\u044f\" value=\"\" type=\"text\" name=\"your-name\" \/><\/span>\n\t\t<\/p>\n\t<\/div>\n<\/div>\n<div class=\"columns_wrap\">\n\t<div class=\"column-1_1\">\n\t\t<p><span class=\"wpcf7-form-control-wrap\" data-name=\"your-email\"><input size=\"40\" maxlength=\"400\" class=\"wpcf7-form-control wpcf7-email wpcf7-validates-as-required wpcf7-text wpcf7-validates-as-email\" aria-required=\"true\" aria-invalid=\"false\" placeholder=\"\u042d-\u043f\u043e\u0447\u0442\u0430\" value=\"\" type=\"email\" name=\"your-email\" \/><\/span>\n\t\t<\/p>\n\t<\/div>\n\t<div class=\"column-1_1\">\n\t\t<p><span class=\"wpcf7-form-control-wrap\" data-name=\"your-message\"><textarea cols=\"40\" rows=\"10\" maxlength=\"2000\" class=\"wpcf7-form-control wpcf7-textarea wpcf7-validates-as-required\" aria-required=\"true\" aria-invalid=\"false\" placeholder=\"\u0422\u0435\u043a\u0441\u0442\" name=\"your-message\"><\/textarea><\/span>\n\t\t<\/p>\n\t<\/div>\n<\/div>\n<p><input class=\"wpcf7-form-control wpcf7-submit has-spinner\" type=\"submit\" value=\"\u041e\u0442\u043f\u0440\u0430\u0432\u0438\u0442\u044c \u043f\u0438\u0441\u044c\u043c\u043e\" \/>\n<\/p><div class=\"wpcf7-response-output\" aria-hidden=\"true\"><\/div>\n<\/form>\n<\/div>\n[\/vc_column_text][\/vc_column_inner][vc_column_inner width=&#187;5\/12&#8243; icons_position=&#187;left&#187; offset=&#187;vc_col-md-1 vc_col-xs-1&#8243;][\/vc_column_inner][\/vc_row_inner][vc_empty_space height=&#187;2em&#187; alter_height=&#187;none&#187; hide_on_desktop=&#187;&#187; hide_on_notebook=&#187;&#187; hide_on_tablet=&#187;&#187; hide_on_mobile=&#187;&#187;][vc_empty_space height=&#187;2em&#187; alter_height=&#187;none&#187; hide_on_desktop=&#187;1&#8243; hide_on_notebook=&#187;1&#8243; hide_on_tablet=&#187;&#187; hide_on_mobile=&#187;&#187;][\/vc_column][\/vc_row]<\/p>\n<\/div>","protected":false},"excerpt":{"rendered":"<p>[vc_row][vc_column icons_position=&#187;left&#187;][vc_empty_space alter_height=&#187;none&#187; hide_on_desktop=&#187;&#187; hide_on_notebook=&#187;&#187; hide_on_tablet=&#187;&#187; hide_on_mobile=&#187;&#187;][vc_column_text]Fixus \u043f\u0440\u0435\u0434\u0441\u0442\u0430\u0432\u043b\u044f\u0435\u0442 \u0441\u043e\u0431\u043e\u0439 \u0441\u0435\u0442\u044c \u043c\u0430\u0433\u0430\u0437\u0438\u043d\u043e\u0432 \u0437\u0430\u043f\u0447\u0430\u0441\u0442\u0435\u0439 \u0438 \u0430\u0432\u0442\u043e\u0441\u0435\u0440\u0432\u0438\u0441\u043e\u0432, \u043e\u0445\u0432\u0430\u0442\u044b\u0432\u0430\u044e\u0449\u0443\u044e \u0432\u0441\u044e \u042d\u0441\u0442\u043e\u043d\u0438\u044e \u0438 \u043e\u0431\u044a\u0435\u0434\u0438\u043d\u044f\u044e\u0449\u0443\u044e \u043f\u043e\u0434 \u0435\u0434\u0438\u043d\u043e\u0439 \u043c\u0430\u0440\u043a\u043e\u0439 \u0431\u043e\u043b\u0435\u0435 50 \u043b\u0443\u0447\u0448\u0438\u0445&hellip;<\/p>\n","protected":false},"author":72,"featured_media":0,"parent":0,"menu_order":0,"comment_status":"closed","ping_status":"closed","template":"","meta":{"_acf_changed":false,"footnotes":""},"class_list":["post-2591","page","type-page","status-publish","hentry"],"acf":[],"yoast_head":"<!-- This site is optimized with the Yoast SEO plugin v25.9 - https:\/\/yoast.com\/wordpress\/plugins\/seo\/ -->\n<title>Fixus - Fixus.ee<\/title>\n<meta name=\"description\" content=\"Fixus kaubam\u00e4rk \u00fchendab t\u00e4na \u00fcle 30 ettev\u00f5tte Eesti erinevates linnades ja maakondades. Meie valikust leiad k\u00f5ik vajalikud autokaubad: autovaruosad, rehvid, akud, autokeemia, tarvikud, t\u00f6\u00f6riistad, garaa\u017eiseadmed jm. autoomanikule tarvilikud tooted.\" \/>\n<meta name=\"robots\" content=\"index, follow, max-snippet:-1, max-image-preview:large, max-video-preview:-1\" \/>\n<link rel=\"canonical\" href=\"https:\/\/fixus.ee\/ru\/fixus\/\" \/>\n<meta property=\"og:locale\" content=\"ru_RU\" \/>\n<meta property=\"og:type\" content=\"article\" \/>\n<meta property=\"og:title\" content=\"Fixus - Fixus.ee\" \/>\n<meta property=\"og:description\" content=\"Fixus kaubam\u00e4rk \u00fchendab t\u00e4na \u00fcle 30 ettev\u00f5tte Eesti erinevates linnades ja maakondades. Meie valikust leiad k\u00f5ik vajalikud autokaubad: autovaruosad, rehvid, akud, autokeemia, tarvikud, t\u00f6\u00f6riistad, garaa\u017eiseadmed jm. autoomanikule tarvilikud tooted.\" \/>\n<meta property=\"og:url\" content=\"https:\/\/fixus.ee\/ru\/fixus\/\" \/>\n<meta property=\"og:site_name\" content=\"Fixus.ee\" \/>\n<meta property=\"article:modified_time\" content=\"2026-03-03T08:54:57+00:00\" \/>\n<meta name=\"twitter:card\" content=\"summary_large_image\" \/>\n<meta name=\"twitter:label1\" content=\"\u041f\u0440\u0438\u043c\u0435\u0440\u043d\u043e\u0435 \u0432\u0440\u0435\u043c\u044f \u0434\u043b\u044f \u0447\u0442\u0435\u043d\u0438\u044f\" \/>\n\t<meta name=\"twitter:data1\" content=\"2 \u043c\u0438\u043d\u0443\u0442\u044b\" \/>\n<script type=\"application\/ld+json\" class=\"yoast-schema-graph\">{\"@context\":\"https:\/\/schema.org\",\"@graph\":[{\"@type\":\"WebPage\",\"@id\":\"https:\/\/fixus.ee\/ru\/fixus\/\",\"url\":\"https:\/\/fixus.ee\/ru\/fixus\/\",\"name\":\"Fixus - Fixus.ee\",\"isPartOf\":{\"@id\":\"https:\/\/fixus.ee\/#website\"},\"datePublished\":\"2018-04-04T11:43:07+00:00\",\"dateModified\":\"2026-03-03T08:54:57+00:00\",\"description\":\"Fixus kaubam\u00e4rk \u00fchendab t\u00e4na \u00fcle 30 ettev\u00f5tte Eesti erinevates linnades ja maakondades. Meie valikust leiad k\u00f5ik vajalikud autokaubad: autovaruosad, rehvid, akud, autokeemia, tarvikud, t\u00f6\u00f6riistad, garaa\u017eiseadmed jm. autoomanikule tarvilikud tooted.\",\"breadcrumb\":{\"@id\":\"https:\/\/fixus.ee\/ru\/fixus\/#breadcrumb\"},\"inLanguage\":\"ru-RU\",\"potentialAction\":[{\"@type\":\"ReadAction\",\"target\":[\"https:\/\/fixus.ee\/ru\/fixus\/\"]}]},{\"@type\":\"BreadcrumbList\",\"@id\":\"https:\/\/fixus.ee\/ru\/fixus\/#breadcrumb\",\"itemListElement\":[{\"@type\":\"ListItem\",\"position\":1,\"name\":\"Avaleht\",\"item\":\"https:\/\/fixus.ee\/esileht\/\"},{\"@type\":\"ListItem\",\"position\":2,\"name\":\"Fixus\"}]},{\"@type\":\"WebSite\",\"@id\":\"https:\/\/fixus.ee\/#website\",\"url\":\"https:\/\/fixus.ee\/\",\"name\":\"Fixus.ee\",\"description\":\"Parimad autokaubad!\",\"publisher\":{\"@id\":\"https:\/\/fixus.ee\/#organization\"},\"potentialAction\":[{\"@type\":\"SearchAction\",\"target\":{\"@type\":\"EntryPoint\",\"urlTemplate\":\"https:\/\/fixus.ee\/?s={search_term_string}\"},\"query-input\":{\"@type\":\"PropertyValueSpecification\",\"valueRequired\":true,\"valueName\":\"search_term_string\"}}],\"inLanguage\":\"ru-RU\"},{\"@type\":\"Organization\",\"@id\":\"https:\/\/fixus.ee\/#organization\",\"name\":\"Fixus\",\"url\":\"https:\/\/fixus.ee\/\",\"logo\":{\"@type\":\"ImageObject\",\"inLanguage\":\"ru-RU\",\"@id\":\"https:\/\/fixus.ee\/#\/schema\/logo\/image\/\",\"url\":\"https:\/\/fixus.ee\/wp-content\/uploads\/2018\/04\/Fixus-logo-1.png\",\"contentUrl\":\"https:\/\/fixus.ee\/wp-content\/uploads\/2018\/04\/Fixus-logo-1.png\",\"width\":250,\"height\":108,\"caption\":\"Fixus\"},\"image\":{\"@id\":\"https:\/\/fixus.ee\/#\/schema\/logo\/image\/\"}}]}<\/script>\n<!-- \/ Yoast SEO plugin. -->","yoast_head_json":{"title":"Fixus - Fixus.ee","description":"Fixus kaubam\u00e4rk \u00fchendab t\u00e4na \u00fcle 30 ettev\u00f5tte Eesti erinevates linnades ja maakondades. Meie valikust leiad k\u00f5ik vajalikud autokaubad: autovaruosad, rehvid, akud, autokeemia, tarvikud, t\u00f6\u00f6riistad, garaa\u017eiseadmed jm. autoomanikule tarvilikud tooted.","robots":{"index":"index","follow":"follow","max-snippet":"max-snippet:-1","max-image-preview":"max-image-preview:large","max-video-preview":"max-video-preview:-1"},"canonical":"https:\/\/fixus.ee\/ru\/fixus\/","og_locale":"ru_RU","og_type":"article","og_title":"Fixus - Fixus.ee","og_description":"Fixus kaubam\u00e4rk \u00fchendab t\u00e4na \u00fcle 30 ettev\u00f5tte Eesti erinevates linnades ja maakondades. Meie valikust leiad k\u00f5ik vajalikud autokaubad: autovaruosad, rehvid, akud, autokeemia, tarvikud, t\u00f6\u00f6riistad, garaa\u017eiseadmed jm. autoomanikule tarvilikud tooted.","og_url":"https:\/\/fixus.ee\/ru\/fixus\/","og_site_name":"Fixus.ee","article_modified_time":"2026-03-03T08:54:57+00:00","twitter_card":"summary_large_image","twitter_misc":{"\u041f\u0440\u0438\u043c\u0435\u0440\u043d\u043e\u0435 \u0432\u0440\u0435\u043c\u044f \u0434\u043b\u044f \u0447\u0442\u0435\u043d\u0438\u044f":"2 \u043c\u0438\u043d\u0443\u0442\u044b"},"schema":{"@context":"https:\/\/schema.org","@graph":[{"@type":"WebPage","@id":"https:\/\/fixus.ee\/ru\/fixus\/","url":"https:\/\/fixus.ee\/ru\/fixus\/","name":"Fixus - Fixus.ee","isPartOf":{"@id":"https:\/\/fixus.ee\/#website"},"datePublished":"2018-04-04T11:43:07+00:00","dateModified":"2026-03-03T08:54:57+00:00","description":"Fixus kaubam\u00e4rk \u00fchendab t\u00e4na \u00fcle 30 ettev\u00f5tte Eesti erinevates linnades ja maakondades. Meie valikust leiad k\u00f5ik vajalikud autokaubad: autovaruosad, rehvid, akud, autokeemia, tarvikud, t\u00f6\u00f6riistad, garaa\u017eiseadmed jm. autoomanikule tarvilikud tooted.","breadcrumb":{"@id":"https:\/\/fixus.ee\/ru\/fixus\/#breadcrumb"},"inLanguage":"ru-RU","potentialAction":[{"@type":"ReadAction","target":["https:\/\/fixus.ee\/ru\/fixus\/"]}]},{"@type":"BreadcrumbList","@id":"https:\/\/fixus.ee\/ru\/fixus\/#breadcrumb","itemListElement":[{"@type":"ListItem","position":1,"name":"Avaleht","item":"https:\/\/fixus.ee\/esileht\/"},{"@type":"ListItem","position":2,"name":"Fixus"}]},{"@type":"WebSite","@id":"https:\/\/fixus.ee\/#website","url":"https:\/\/fixus.ee\/","name":"Fixus.ee","description":"Parimad autokaubad!","publisher":{"@id":"https:\/\/fixus.ee\/#organization"},"potentialAction":[{"@type":"SearchAction","target":{"@type":"EntryPoint","urlTemplate":"https:\/\/fixus.ee\/?s={search_term_string}"},"query-input":{"@type":"PropertyValueSpecification","valueRequired":true,"valueName":"search_term_string"}}],"inLanguage":"ru-RU"},{"@type":"Organization","@id":"https:\/\/fixus.ee\/#organization","name":"Fixus","url":"https:\/\/fixus.ee\/","logo":{"@type":"ImageObject","inLanguage":"ru-RU","@id":"https:\/\/fixus.ee\/#\/schema\/logo\/image\/","url":"https:\/\/fixus.ee\/wp-content\/uploads\/2018\/04\/Fixus-logo-1.png","contentUrl":"https:\/\/fixus.ee\/wp-content\/uploads\/2018\/04\/Fixus-logo-1.png","width":250,"height":108,"caption":"Fixus"},"image":{"@id":"https:\/\/fixus.ee\/#\/schema\/logo\/image\/"}}]}},"_links":{"self":[{"href":"https:\/\/fixus.ee\/ru\/wp-json\/wp\/v2\/pages\/2591","targetHints":{"allow":["GET"]}}],"collection":[{"href":"https:\/\/fixus.ee\/ru\/wp-json\/wp\/v2\/pages"}],"about":[{"href":"https:\/\/fixus.ee\/ru\/wp-json\/wp\/v2\/types\/page"}],"author":[{"embeddable":true,"href":"https:\/\/fixus.ee\/ru\/wp-json\/wp\/v2\/users\/72"}],"replies":[{"embeddable":true,"href":"https:\/\/fixus.ee\/ru\/wp-json\/wp\/v2\/comments?post=2591"}],"version-history":[{"count":5,"href":"https:\/\/fixus.ee\/ru\/wp-json\/wp\/v2\/pages\/2591\/revisions"}],"predecessor-version":[{"id":7296,"href":"https:\/\/fixus.ee\/ru\/wp-json\/wp\/v2\/pages\/2591\/revisions\/7296"}],"wp:attachment":[{"href":"https:\/\/fixus.ee\/ru\/wp-json\/wp\/v2\/media?parent=2591"}],"curies":[{"name":"wp","href":"https:\/\/api.w.org\/{rel}","templated":true}]}}